{"id":168,"date":"2024-11-26T09:54:39","date_gmt":"2024-11-26T09:54:39","guid":{"rendered":"https:\/\/lechaletdesamis.be\/mentions-legales-et-vie-privee\/"},"modified":"2024-12-20T10:12:14","modified_gmt":"2024-12-20T10:12:14","slug":"wettelijke-vermeldingen-en-privacybeleid","status":"publish","type":"page","link":"https:\/\/lechaletdesamis.be\/nl\/wettelijke-vermeldingen-en-privacybeleid\/","title":{"rendered":"Wettelijke vermeldingen en privacybeleid"},"content":{"rendered":"<div class=\"cta\"><a class=\"btn\" href=\"\/\">\u2190 Retour \u00e0 la page d\u2019accueil<\/a><\/div>\r\n\r\n<h2 class=\"wp-block-heading\">Wettelijke vermeldingen en privacybeleid<\/h2>\r\n<h3>Qui sommes-nous ?<\/h3>\r\n<p>L\u2019adresse de notre site Web est : https:\/\/lechaletdesamis.be. \u00a0En cas de question concernant notre site web et sa politique de confidentialit\u00e9, vous pouvez nous contacter aux coordonn\u00e9es suivantes:<\/p>\r\n<p>Nom Soci\u00e9t\u00e9<br \/>Adresse soci\u00e9t\u00e9, num\u00e9ro<br \/>CP Ville (Belgique)<br \/>TVA BE 0000 000 000<br \/>adresse@email.com<\/p>\r\n<h3>Propri\u00e9t\u00e9 intellectuelle et copyright<\/h3>\r\n<p>Site web: \u00a9 Nom Soci\u00e9t\u00e9<br \/>Photos et illustrations : \u00a9 Nom Soci\u00e9t\u00e9<\/p>\r\n<p>Tous les textes, images et autres contenus de ce site sont prot\u00e9g\u00e9s. Toute reproduction, distribution ou utilisation est totalement interdite sans consentement \u00e9crit de notre part.<\/p>\r\n<h4>Cr\u00e9ation du site et h\u00e9bergement<\/h4>\r\n<p>Ce site web a \u00e9t\u00e9 d\u00e9velopp\u00e9 par GET IN \u2013 Sparring-Partner SPRL.<br \/>Source de la L\u00e8che, 1<br \/>4053 EMBOURG (Belgique)<br \/>TVA BE 0633 542 731<br \/>hello@getin.agency<\/p>\r\n<p>Le site web est h\u00e9berg\u00e9 par hetzner.de<\/p>\r\n<h3>Utilisation des donn\u00e9es personnelles collect\u00e9es<\/h3>\r\n<h4>Formulaires d\u2019inscription et donn\u00e9es personnelles<\/h4>\r\n<p>Nous gardons en base de donn\u00e9es tous les formulaires envoy\u00e9s. Les informations fournies dans ces formulaires seront trait\u00e9s uniquement pour enregistrer votre participation et ne seront en aucun cas transf\u00e9r\u00e9s \u00e0 des tiers. Ces donn\u00e9es seront supprim\u00e9es \u00e0 la fin du concours.<\/p>\r\n<h4>Cookies<\/h4>\r\n<p>Si vous vous rendez sur la page de connexion, un cookie temporaire sera cr\u00e9\u00e9 afin de d\u00e9terminer si votre navigateur accepte les cookies. Il ne contient pas de donn\u00e9es personnelles et sera supprim\u00e9 automatiquement \u00e0 la fermeture de votre navigateur.<\/p>\r\n<p>Lorsque vous vous connecterez, nous mettrons en place un certain nombre de cookies pour enregistrer vos informations de connexion et vos pr\u00e9f\u00e9rences d\u2019\u00e9cran. La dur\u00e9e de vie d\u2019un cookie de connexion est de deux jours, celle d\u2019un cookie d\u2019option d\u2019\u00e9cran est d\u2019un an. Si vous cochez \u00ab Se souvenir de moi \u00bb, votre cookie de connexion sera conserv\u00e9 pendant deux semaines. Si vous vous d\u00e9connectez de votre compte, le cookie de connexion sera effac\u00e9.<\/p>\r\n<p>En modifiant ou en publiant une publication, un cookie suppl\u00e9mentaire sera enregistr\u00e9 dans votre navigateur. Ce cookie ne comprend aucune donn\u00e9e personnelle. Il indique simplement l\u2019ID de la publication que vous venez de modifier. Il expire au bout d\u2019un jour.<\/p>\r\n<p>Nous enregistrons dans un cookie votre choix de langue. C\u2019est uniquement pour votre confort afin de ne pas avoir \u00e0 saisir ces informations si vous d\u00e9posez un autre commentaire plus tard. Ces cookies expirent au bout d\u2019un an.<\/p>\r\n<p>Nous enregistrons \u00e9galement un cookie lorsque vous masquez nos pop-ups ainsi que la banni\u00e8re d\u2019info sur les cookies.<\/p>\r\n<h4>Statistiques et mesures d\u2019audience<\/h4>\r\n<p>Nous enregistrons des donn\u00e9es anonymis\u00e9es \u00e0 propos de nos visiteurs et de leurs exp\u00e9riences sur notre site. Nous utilisons ces donn\u00e9es uniquement dans le but d\u2019am\u00e9liorer l\u2019exp\u00e9rience de nos visiteurs. Ces donn\u00e9es ne seront jamais transmises \u00e0 des tiers.<\/p>\r\n<h3>Changement de politique de confidentialit\u00e9<\/h3>\r\n<p>Si des changements doivent \u00eatre apport\u00e9s \u00e0 cette politique de confidentialit\u00e9, ceux-ci seront effectifs au moment o\u00f9 nous les publions sur notre site web et sans notification pr\u00e9alable.<\/p>\r\n<h3>Contact<\/h3>\r\n<p>Si vous avez des questions ou des plaintes au sujet des informations que nous conservons, vous pouvez nous contacter par t\u00e9l\u00e9phone, email ou lettre papier aux coordonn\u00e9es suivantes:<\/p>\r\n<p>Nom Soci\u00e9t\u00e9<br \/>Adresse soci\u00e9t\u00e9, num\u00e9ro<br \/>CP Ville (Belgique)<br \/>TVA BE 0000 000 000<br \/>adresse@email.com<\/p>\r\n<div class=\"cta\"><a class=\"btn\" href=\"\/\">\u2190 Retour \u00e0 la page d\u2019accueil<\/a><\/div>","protected":false},"excerpt":{"rendered":"<p>\u2190 Retour \u00e0 la page d\u2019accueil Wettelijke vermeldingen en privacybeleid Qui sommes-nous ? L\u2019adresse de notre site Web est : https:\/\/lechaletdesamis.be. \u00a0En cas de question concernant notre site web et sa politique de confidentialit\u00e9, vous pouvez nous contacter aux coordonn\u00e9es suivantes: Nom Soci\u00e9t\u00e9Adresse soci\u00e9t\u00e9, num\u00e9roCP Ville (Belgique)TVA BE 0000 000 000adresse@email.com Propri\u00e9t\u00e9 intellectuelle et copyright [&hellip;]<\/p>\n","protected":false},"author":1,"featured_media":0,"parent":0,"menu_order":0,"comment_status":"closed","ping_status":"closed","template":"template-pages\/gdpr.php","meta":{"_acf_changed":false,"footnotes":""},"class_list":["post-168","page","type-page","status-publish","hentry"],"acf":[],"_links":{"self":[{"href":"https:\/\/lechaletdesamis.be\/nl\/wp-json\/wp\/v2\/pages\/168","targetHints":{"allow":["GET"]}}],"collection":[{"href":"https:\/\/lechaletdesamis.be\/nl\/wp-json\/wp\/v2\/pages"}],"about":[{"href":"https:\/\/lechaletdesamis.be\/nl\/wp-json\/wp\/v2\/types\/page"}],"author":[{"embeddable":true,"href":"https:\/\/lechaletdesamis.be\/nl\/wp-json\/wp\/v2\/users\/1"}],"replies":[{"embeddable":true,"href":"https:\/\/lechaletdesamis.be\/nl\/wp-json\/wp\/v2\/comments?post=168"}],"version-history":[{"count":2,"href":"https:\/\/lechaletdesamis.be\/nl\/wp-json\/wp\/v2\/pages\/168\/revisions"}],"predecessor-version":[{"id":173,"href":"https:\/\/lechaletdesamis.be\/nl\/wp-json\/wp\/v2\/pages\/168\/revisions\/173"}],"wp:attachment":[{"href":"https:\/\/lechaletdesamis.be\/nl\/wp-json\/wp\/v2\/media?parent=168"}],"curies":[{"name":"wp","href":"https:\/\/api.w.org\/{rel}","templated":true}]}}